{"id":473,"date":"2008-04-01T22:54:10","date_gmt":"2008-04-01T20:54:10","guid":{"rendered":"http:\/\/www.cibz.de\/2.0\/?page_id=3"},"modified":"2008-04-01T22:54:10","modified_gmt":"2008-04-01T20:54:10","slug":"wir-uber-uns","status":"publish","type":"page","link":"https:\/\/cibz.de\/index.php\/wir-uber-uns\/","title":{"rendered":"Wir \u00fcber uns"},"content":{"rendered":"<p>Die Gesellschaft f\u00fcr Christlich- Islamische Begegnung und Zusammenarbeit, Stuttgart e.V. wurde im April 1999 gegr\u00fcndet und ist als gemeinn\u00fctziger Verein anerkannt.<br \/>\nIn ihm haben sich Christen\/Christinnen und Muslime\/Muslimas zusammengeschlossen, die sich f\u00fcr den christlich-islamischen Dialog interessieren und einsetzen.<\/p>\n<p>Unser Name ist Programm:<br \/>\nWir wollen die Begegnung, die Verst\u00e4ndigung und den Dialog zwischen Christen und Muslimen f\u00f6rdern und uns f\u00fcr ein friedvolles Miteinander auf privater, kommunaler und gesellschaftspolitischer Ebene einsetzen.<\/p>\n<p>Wir wissen, dass dies nur in einer Atmosph\u00e4re gegenseitiger Achtung und des informierten Respekts<br \/>\ngelingen kann. Wir hoffen, als Menschen des Glaubens einen aktiven Beitrag zum sozialen und religi\u00f6sen Frieden in unserer Stadt leisten zu k\u00f6nnen.<\/p>\n","protected":false},"excerpt":{"rendered":"<p>Die Gesellschaft f\u00fcr Christlich- Islamische Begegnung und Zusammenarbeit, Stuttgart e.V. wurde im April 1999 gegr\u00fcndet und ist als gemeinn\u00fctziger Verein anerkannt. In ihm haben sich Christen\/Christinnen und Muslime\/Muslimas zusammengeschlossen, die sich f\u00fcr den christlich-islamischen Dialog interessieren und einsetzen. Unser Name &hellip; <a href=\"https:\/\/cibz.de\/index.php\/wir-uber-uns\/\">Continue reading <span class=\"meta-nav\">&rarr;<\/span><\/a><\/p>\n","protected":false},"author":1,"featured_media":0,"parent":0,"menu_order":1,"comment_status":"closed","ping_status":"closed","template":"","meta":{"footnotes":""},"class_list":["post-473","page","type-page","status-publish","hentry"],"_links":{"self":[{"href":"https:\/\/cibz.de\/index.php\/wp-json\/wp\/v2\/pages\/473","targetHints":{"allow":["GET"]}}],"collection":[{"href":"https:\/\/cibz.de\/index.php\/wp-json\/wp\/v2\/pages"}],"about":[{"href":"https:\/\/cibz.de\/index.php\/wp-json\/wp\/v2\/types\/page"}],"author":[{"embeddable":true,"href":"https:\/\/cibz.de\/index.php\/wp-json\/wp\/v2\/users\/1"}],"replies":[{"embeddable":true,"href":"https:\/\/cibz.de\/index.php\/wp-json\/wp\/v2\/comments?post=473"}],"version-history":[{"count":0,"href":"https:\/\/cibz.de\/index.php\/wp-json\/wp\/v2\/pages\/473\/revisions"}],"wp:attachment":[{"href":"https:\/\/cibz.de\/index.php\/wp-json\/wp\/v2\/media?parent=473"}],"curies":[{"name":"wp","href":"https:\/\/api.w.org\/{rel}","templated":true}]}}