{"id":474,"date":"2008-04-01T22:58:30","date_gmt":"2008-04-01T20:58:30","guid":{"rendered":"http:\/\/www.cibz.de\/2.0\/?page_id=4"},"modified":"2008-04-01T22:58:30","modified_gmt":"2008-04-01T20:58:30","slug":"satzung","status":"publish","type":"page","link":"https:\/\/cibz.de\/index.php\/satzung\/","title":{"rendered":"Satzung"},"content":{"rendered":"\n<p><strong>\u00a7 1 Name und Sitz<\/strong><\/p>\n\n\n\n<p>Der Verein f\u00fchrt den Namen Gesellschaft f\u00fcr Christlich-Islamische Begegnung und Zusammenarbeit (CIBZ) Stuttgart e.V. und soll in das Vereinsregister aufgenommen werden.<br>Sitz und Gerichtsstand ist Stuttgart.<\/p>\n\n\n\n<p><strong>\u00a7 2 Gemeinn\u00fctzigkeit<\/strong><\/p>\n\n\n\n<p>Der Verein verfolgt ausschlie\u00dflich und unmittelbar gemeinn\u00fctzige Zwecke im Sinne des Abschnitts &#171;Steuerbeg\u00fcnstigte Zwecke&#187; der Abgabenordnung.<br>Der Verein ist selbstlos t\u00e4tig. Er verfolgt nicht in erster Linie eigenwirtschaftliche Zwecke.<br>Finanzielle Mittel des Vereins d\u00fcrfen nur f\u00fcr satzungsm\u00e4\u00dfige Zwecke verwendet werden. Die Mitglieder erhalten keine Zuwendung aus Mitteln des Vereins.<br>Keine Person darf durch Ausgaben, die dem Zweck des Vereins fremd sind, oder durch unverh\u00e4ltnism\u00e4\u00dfig hohe Verg\u00fctungen beg\u00fcnstigt werden.<\/p>\n\n\n\n<p><strong>\u00a7 3 Zwecke des Vereins<\/strong><\/p>\n\n\n\n<p>Zweck des Vereins ist die F\u00f6rderung der Begegnung, der Verst\u00e4ndigung und des Dialogs zwischen Christen und Muslimen. Er beabsichtigt, das Miteinander zwischen Christen und Muslimen auf privater, kommunaler und gesellschaftspolitischer Ebene im Geiste gegenseitiger Achtung und informierten Respekts mitzugestalten und zu f\u00f6rdern.<\/p>\n\n\n\n<p>Dies geschieht insbesondere durch:<\/p>\n\n\n\n<ul class=\"wp-block-list\"><li>die F\u00f6rderung und inhaltliche Begleitung von Kontakten zwischen Kirchengemeinden und Moscheevereinen, zwischen Kirchen und islamischen Vereinen.<\/li><li>Beratung, Unterst\u00fctzung und Zusammenarbeit von bzw. mit<br>kirchlichen\/religi\u00f6sen, staatlichen und politischen Gremien, Institutionen und Beh\u00f6rden.<\/li><li>\u00d6ffentlichkeitsarbeit<\/li><li><span style=\"font-size: revert;\">Projektarbeit in Kooperation mit Einrichtungen der Stadt Stuttgart, des Landes und anderer&nbsp; christlich-islamischer Gesellschaften.<\/span><\/li><li>Unterst\u00fctzung von Angeboten der Aus- und Fortbildung, der Forschung und Lehre.<\/li><\/ul>\n\n\n\n<p><strong>\u00a7 4 Mitgliedschaft<\/strong><\/p>\n\n\n\n<p>Mitglied des Vereins kann jede nat\u00fcrliche und juristische Person werden, welche die Ziele des Vereins unterst\u00fctzt.<\/p>\n\n\n\n<p>4.1. Erwerb der Mitgliedschaft<br>Antr\u00e4ge auf die Mitgliedschaft sind schriftlich an den Vorstand zu richten, der \u00fcber die Aufnahme entscheidet. Mit der Aufnahme erkennt das Mitglied die Satzung des Vereins an.<\/p>\n\n\n\n<p>4.2. Beendigung der Mitgliedschaft<br>Die Mitgliedschaft endet durch Austritt, der dem Vorstand in schriftlicher Erkl\u00e4rung vorgelegt wird,&nbsp; Tod oder Ausschlu\u00df. Ein Mitglied kann vom Vorstand aus dem Verein ausgeschlossen werden, wenn es f\u00fcr l\u00e4ngere Zeit keinen Jahresbeitrag entrichtet hat oder den Vereinszwecken, der Vereinssatzung oder dem Beschlu\u00df eines Vereinsorgans grob oder wiederholt zuwiderhandelt.<\/p>\n\n\n\n<p>4.3 Mitgliedsbeitr\u00e4ge<br>Jedes Vereinsmitglied hat f\u00fcr das Kalenderjahr einen Jahresbeitrag zu entrichten, dessen H\u00f6he von der Mitgliederversammlung festgesetzt wird.<\/p>\n\n\n\n<p><strong>\u00a7 5 Organe des Vereins<\/strong><\/p>\n\n\n\n<p>Organe des Vereins sind die Mitgliederversammlung und der Vorstand. Zus\u00e4tzlich kann ein Beirat benannt werden.<br>Der Beirat besteht aus Pers\u00f6nlichkeiten des \u00f6ffentlichen Lebens, die die Ziele des Vereins zu unterst\u00fctzen und zu f\u00f6rdern bereit sind. Er kann vom Vorstand vorgeschlagen und von der Mitgliederversammlung best\u00e4tigt werden<\/p>\n\n\n\n<p><strong>\u00a7 6 Die Mitgliederversammlung<\/strong><\/p>\n\n\n\n<p>Die Mitgliederversammlung ist das h\u00f6chste Organ der Gesellschaft f\u00fcr Christlich-Islamische Zusammenarbeit und Begegnung (CIBZ) Stuttgart e.V.<\/p>\n\n\n\n<p>6.1. Aufgaben<br>Die Mitgliederversammlung ist insbesondere f\u00fcr folgende Aufgaben zust\u00e4ndig:<\/p>\n\n\n\n<ul class=\"wp-block-list\"><li>Entgegennahme des Jahresberichts des Vorstandes<\/li><li>Entgegennahme des Berichts der Rechnungspr\u00fcfung und gegebenfalls Entlastung des Vorstandes<\/li><li>Festsetzung der H\u00f6he des j\u00e4hrlichen Mitgliedsbeitrags<\/li><li>Wahl der Mitglieder des Vorstandes und der Rechnungspr\u00fcfer<\/li><li>Beschlu\u00dffassung \u00fcber Antr\u00e4ge<\/li><li>Beratung \u00fcber die Jahresplanung<\/li><\/ul>\n\n\n\n<p>6.2. Einberufung<br>Mindestens einmal j\u00e4hrlich findet eine ordentliche Mitgliederversammlung statt.<br>Au\u00dferordentliche Mitgliederversammlungen k\u00f6nnen auf Beschlu\u00df des Vorstandes einberufen werden. Sie sind einzuberufen, wenn dies von mindestens einem Viertel der Mitglieder beantragt wird. Alle Mitgliederversammlungen sind vom Vorstand unter Einhaltung einer Frist von zwei Wochen unter Angabe der Tagesordnung schriftlich einzuberufen.<\/p>\n\n\n\n<p>6.3. Antr\u00e4ge <br>Antr\u00e4ge, die in der Mitgliederversammlung behandelt werden sollen, m\u00fcssen mindestens drei Wochen vor der Mitgliederversammlung dem Vorstand schriftlich vorliegen. Versp\u00e4tet eingegangene Antr\u00e4ge zur Mitgliederversammlung bed\u00fcrfen, um auf der Mitgliederversammlung behandelt zu werden, einer Zustimmung von der H\u00e4lfte der anwesenden stimmberechtigten Mitglieder.<\/p>\n\n\n\n<p><strong>&nbsp;<\/strong>6.4. Beschlussfassung. <br>In der Mitgliederversammlung hat jedes Mitglied eine nicht \u00fcbertragbare Stimme. <br>Beschl\u00fcsse werden &#8211; soweit von der Satzung nicht anderweitig bestimmt &#8211; mit einfacher Mehrheit der anwesenden Stimmberechtigten gefa\u00dft. <br>\u00dcber die Beschl\u00fcsse der Mitgliederversammlung ist ein Protokoll anzufertigen, das vom Protokollf\u00fchrer und dem Versammlungsleiter zu unterzeichnen ist.<\/p>\n\n\n\n<p><strong>\u00a7 7 Der Vorstand<\/strong><\/p>\n\n\n\n<p>7.1. Zusammensetzung des Vorstands <br>Der Vorstand besteht aus folgenden Personen: <br>Zwei gleichberechtigte Vorsitzende, Schriftf\u00fchrer\/in, Schatzmeister\/in sowie mindestens drei Beisitzer\/innen. <br>Der Vorstand sollte m\u00f6glichst parit\u00e4tisch aus Muslimen und Christen zusammengesetzt sein. <br>Der Vorstand trifft seine Entscheidungen mit der Mehrheit der anwesenden Mitglieder.<\/p>\n\n\n\n<p>7.2. Aufgaben und Zust\u00e4ndigkeiten <br>Der Vorstand f\u00fchrt die laufenden Gesch\u00e4fte. <br>Insbesondere geh\u00f6ren zu seinen Aufgaben:<\/p>\n\n\n\n<ul class=\"wp-block-list\"><li>Vorbereitung, Aufstellung der Tagesordnung, Einberufung und Leitung der&nbsp;&nbsp; Mitgliederversammlung<\/li><li>Ausf\u00fchrung der Beschl\u00fcsse der Mitgliederversammlung- Vertretung und Verwaltung des Vereins<\/li><li>Vertretung und Verwaltung des Vereins<\/li><li>Presse- und \u00d6ffentlichkeitsarbeit<\/li><li>Aufstellung einer Jahresplanung<\/li><li>Vorbereitung von Wahlen<\/li><li>Verwaltung des Vereinsverm\u00f6gens, Kassen- und Buchf\u00fchrung <\/li><li>Entscheidung \u00fcber Antr\u00e4ge, die die Aufnahme oder Beendigung der Mitgliedschaft im Verein&nbsp; betreffen.<\/li><\/ul>\n\n\n\n<p>Die beiden Vorsitzenden vertreten den Verein gemeinschaftlich gegen\u00fcber der \u00d6ffentlichkeit. Im Sinne des \u00a7 26 BGB wird der Verein jedoch durch die beiden Vorsitzenden je einzeln vertreten.<\/p>\n\n\n\n<p>7.3. Amtsdauer <br>Der Vorstand wird von der Mitgliederversammlung vom Tag der Wahl f\u00fcr die Dauer von zwei Jahren gew\u00e4hlt. <br>Scheidet ein Vorstandsmitglied vorzeitig aus, so findet in der Mitgliederversammlung eine Nachwahl statt. Bei Nachwahlen gilt die laufende Wahlperiode. <br>Nach Ablauf der Wahlperiode bleibt der Vorstand so lange im Amt, bis ein neuer Vorstand gew\u00e4hlt ist. <br>Jedes Vorstandsmitglied ist geheim zu w\u00e4hlen. Wiederwahl ist m\u00f6glich.<strong><br><\/strong><\/p>\n\n\n\n<p><strong>\u00a7 8 Rechnungspr\u00fcfung<\/strong><\/p>\n\n\n\n<p>Die Rechnungspr\u00fcfer pr\u00fcfen einmal j\u00e4hrlich die Kassenf\u00fchrung des Vereins und berichten der Mitgliederversammlung hier\u00fcber.<br>Auf der Grundlage dieses Berichts kann die Entlastung des Vorstandes beantragt werden.<\/p>\n\n\n\n<p><strong>\u00a7 9 Arbeitskreise und Projektgruppen<\/strong><\/p>\n\n\n\n<p>Der Vorstand kann, auch auf Anregung der Mitglieder, aus den Reihen der der Mitglieder und\/oder anderer interessierter Personen oder Institutionen Arbeitskreise oder Projektgruppen bilden. Voraussetzung daf\u00fcr ist, da\u00df ein fester Arbeitsauftrag vorliegt, in dem unter anderem Thema, Umfang und Zeitplan genannt sind.<\/p>\n\n\n\n<p>Die Arbeitskreise oder Projektgruppen sind im Auftrag des Vorstandes t\u00e4tig und diesem verantwortlich. Dies gilt insbesondere im Bereich der \u00d6ffentlichkeitsarbeit.<strong><br><\/strong><\/p>\n\n\n\n<p><strong>\u00a7 10 \u00c4nderung der Satzung<\/strong><\/p>\n\n\n\n<p>Antr\u00e4ge auf \u00c4nderung der Satzung m\u00fcssen sp\u00e4testens zwei Wochen vor der Mitgliederversammlung den Mitgliedern vorliegen.<br>Beschl\u00fcsse \u00fcber eine Satzungs\u00e4nderung bed\u00fcrfen einer Zweidrittelmehrheit der abgegebenen g\u00fcltigen Stimmen auf einer Mitgliederversammlung.<\/p>\n\n\n\n<p><strong>\u00a7 11 Aufl\u00f6sung des Vereins<\/strong><\/p>\n\n\n\n<p>Die Aufl\u00f6sung des Vereins kann nur in einer Mitgliederversammlung erfolgen, wenn dieses vom Vorstand oder von mindestens einem Drittel der Mitglieder schriftlich beantragt wurde. Der Beschlu\u00df \u00fcber die Aufl\u00f6sung bedarf einer Zweidrittelmehrheit der abgegebenen g\u00fcltigen Stimmen auf der Mitgliederversammlung. Sofern die Mitgliederversammlung nicht anders beschlie\u00dft, sind die beiden Vorsitzenden gemeinsam berechtigte Liquidatoren.<\/p>\n\n\n\n<p>Bei Aufl\u00f6sung des Vereins f\u00e4llt dessen Verm\u00f6gen an einen gemeinn\u00fctzigen Verein oder eine K\u00f6rperschaft des \u00f6ffentlichen Rechts oder eine andere steuerbeg\u00fcnstigte K\u00f6rperschaft zwecks der F\u00f6rderung der Begegnung, der Verst\u00e4ndigung und des Dialogs zwischen Christen und Muslimen. Es ist unmittelbar und ausschlie\u00dflich f\u00fcr gemeinn\u00fctzige Zwecke zu verwenden. Beschl\u00fcsse \u00fcber die k\u00fcnftige Verwendung des Verm\u00f6gens d\u00fcrfen erst nach Einwilligung des Finanzamts ausgef\u00fchrt werden.<\/p>\n\n\n\n<p><strong>\u00a7 12 Inkrafttreten<br><\/strong>Diese Satzung tritt nach ihrer Beschlu\u00dffassung in Kraft.<br>Stuttgart, den 20.April 1999 \/ 29.Mai 2000 Zuletzt ge\u00e4ndert: 15.10.2007<\/p>\n","protected":false},"excerpt":{"rendered":"<p>\u00a7 1 Name und Sitz Der Verein f\u00fchrt den Namen Gesellschaft f\u00fcr Christlich-Islamische Begegnung und Zusammenarbeit (CIBZ) Stuttgart e.V. und soll in das Vereinsregister aufgenommen werden.Sitz und Gerichtsstand ist Stuttgart. \u00a7 2 Gemeinn\u00fctzigkeit Der Verein verfolgt ausschlie\u00dflich und unmittelbar gemeinn\u00fctzige &hellip; <a href=\"https:\/\/cibz.de\/index.php\/satzung\/\">Continue reading <span class=\"meta-nav\">&rarr;<\/span><\/a><\/p>\n","protected":false},"author":1,"featured_media":0,"parent":0,"menu_order":4,"comment_status":"closed","ping_status":"closed","template":"","meta":{"footnotes":""},"class_list":["post-474","page","type-page","status-publish","hentry"],"_links":{"self":[{"href":"https:\/\/cibz.de\/index.php\/wp-json\/wp\/v2\/pages\/474","targetHints":{"allow":["GET"]}}],"collection":[{"href":"https:\/\/cibz.de\/index.php\/wp-json\/wp\/v2\/pages"}],"about":[{"href":"https:\/\/cibz.de\/index.php\/wp-json\/wp\/v2\/types\/page"}],"author":[{"embeddable":true,"href":"https:\/\/cibz.de\/index.php\/wp-json\/wp\/v2\/users\/1"}],"replies":[{"embeddable":true,"href":"https:\/\/cibz.de\/index.php\/wp-json\/wp\/v2\/comments?post=474"}],"version-history":[{"count":0,"href":"https:\/\/cibz.de\/index.php\/wp-json\/wp\/v2\/pages\/474\/revisions"}],"wp:attachment":[{"href":"https:\/\/cibz.de\/index.php\/wp-json\/wp\/v2\/media?parent=474"}],"curies":[{"name":"wp","href":"https:\/\/api.w.org\/{rel}","templated":true}]}}