{"id":7,"date":"2008-04-01T23:05:18","date_gmt":"2008-04-01T21:05:18","guid":{"rendered":"http:\/\/www.cibz.de\/2.0\/?page_id=7"},"modified":"2008-04-01T23:05:18","modified_gmt":"2008-04-01T21:05:18","slug":"was-wir-tun","status":"publish","type":"page","link":"https:\/\/cibz.de\/index.php\/was-wir-tun\/","title":{"rendered":"Was wir tun"},"content":{"rendered":"<p>Regelm\u00e4ssige Themenabende im Christlich-Islamischen Caf\u00e9.<\/p>\n<p>Organisation von Informationsveranstaltungen, Vortr\u00e4ge und Podiumsveranstaltungen.<\/p>\n<p>Ansprechpartner in Fragen des christlich-islamischen Dialogs f\u00fcr Einzelpersonen,<br \/>\nKirchengemeinden, islamische Gemeinden und die Stadt Stuttgart.<\/p>\n<p>Vermittlung von Moschee- bzw. Kirchenbesuchen.<\/p>\n<p>Vortr\u00e4ge in Gruppen.<\/p>\n","protected":false},"excerpt":{"rendered":"<p>Regelm\u00e4ssige Themenabende im Christlich-Islamischen Caf\u00e9. Organisation von Informationsveranstaltungen, Vortr\u00e4ge und Podiumsveranstaltungen. Ansprechpartner in Fragen des christlich-islamischen Dialogs f\u00fcr Einzelpersonen, Kirchengemeinden, islamische Gemeinden und die Stadt Stuttgart. Vermittlung von Moschee- bzw. Kirchenbesuchen. Vortr\u00e4ge in Gruppen.<\/p>\n","protected":false},"author":1,"featured_media":0,"parent":0,"menu_order":2,"comment_status":"closed","ping_status":"closed","template":"","meta":{"footnotes":""},"class_list":["post-7","page","type-page","status-publish","hentry"],"_links":{"self":[{"href":"https:\/\/cibz.de\/index.php\/wp-json\/wp\/v2\/pages\/7","targetHints":{"allow":["GET"]}}],"collection":[{"href":"https:\/\/cibz.de\/index.php\/wp-json\/wp\/v2\/pages"}],"about":[{"href":"https:\/\/cibz.de\/index.php\/wp-json\/wp\/v2\/types\/page"}],"author":[{"embeddable":true,"href":"https:\/\/cibz.de\/index.php\/wp-json\/wp\/v2\/users\/1"}],"replies":[{"embeddable":true,"href":"https:\/\/cibz.de\/index.php\/wp-json\/wp\/v2\/comments?post=7"}],"version-history":[{"count":0,"href":"https:\/\/cibz.de\/index.php\/wp-json\/wp\/v2\/pages\/7\/revisions"}],"wp:attachment":[{"href":"https:\/\/cibz.de\/index.php\/wp-json\/wp\/v2\/media?parent=7"}],"curies":[{"name":"wp","href":"https:\/\/api.w.org\/{rel}","templated":true}]}}